{"id":68561,"date":"2023-05-24T18:18:06","date_gmt":"2023-05-24T16:18:06","guid":{"rendered":"https:\/\/pre-esferize.atrevia.com\/error-404\/"},"modified":"2023-05-24T18:18:08","modified_gmt":"2023-05-24T16:18:08","slug":"error-404","status":"publish","type":"page","link":"https:\/\/www.atrevia.com\/en\/error-404\/","title":{"rendered":"error 404"},"content":{"rendered":"\t\t<div data-elementor-type=\"wp-page\" data-elementor-id=\"68561\" class=\"elementor elementor-68561 elementor-58501\" data-elementor-post-type=\"page\">\n\t\t\t\t\t\t<section class=\"elementor-section elementor-top-section elementor-element elementor-element-ef08f2b elementor-section-boxed elementor-section-height-default elementor-section-height-default\" data-id=\"ef08f2b\" data-element_type=\"section\">\r\n\t\t\t\t\t\t<div class=\"elementor-container elementor-column-gap-thegem\"><div class=\"elementor-row\">\r\n\t\t\t\t\t<div class=\"elementor-column elementor-col-100 elementor-top-column elementor-element elementor-element-58569f0\" data-id=\"58569f0\" data-element_type=\"column\">\n\t\t\t<div class=\"elementor-widget-wrap elementor-element-populated\">\n\t\t\t\t\t\t<div class=\"elementor-element elementor-element-9d11d48 flex-horizontal-align-default flex-horizontal-align-tablet-default flex-horizontal-align-mobile-default flex-vertical-align-default flex-vertical-align-tablet-default flex-vertical-align-mobile-default elementor-widget elementor-widget-heading\" data-id=\"9d11d48\" data-element_type=\"widget\" data-widget_type=\"heading.default\">\n\t\t\t\t<div class=\"elementor-widget-container\">\n\t\t\t<style>\/*! elementor - v3.21.0 - 30-04-2024 *\/\n.elementor-heading-title{padding:0;margin:0;line-height:1}.elementor-widget-heading .elementor-heading-title[class*=elementor-size-]>a{color:inherit;font-size:inherit;line-height:inherit}.elementor-widget-heading .elementor-heading-title.elementor-size-small{font-size:15px}.elementor-widget-heading .elementor-heading-title.elementor-size-medium{font-size:19px}.elementor-widget-heading .elementor-heading-title.elementor-size-large{font-size:29px}.elementor-widget-heading .elementor-heading-title.elementor-size-xl{font-size:39px}.elementor-widget-heading .elementor-heading-title.elementor-size-xxl{font-size:59px}<\/style><h1 class=\"elementor-heading-title elementor-size-default\">404<\/h1>\t\t<\/div>\n\t\t\t\t<\/div>\n\t\t\t\t<div class=\"elementor-element elementor-element-dafac4f flex-horizontal-align-default flex-horizontal-align-tablet-default flex-horizontal-align-mobile-default flex-vertical-align-default flex-vertical-align-tablet-default flex-vertical-align-mobile-default elementor-widget elementor-widget-text-editor\" data-id=\"dafac4f\" data-element_type=\"widget\" data-widget_type=\"text-editor.default\">\n\t\t\t\t<div class=\"elementor-widget-container\">\n\t\t\t<style>\/*! elementor - v3.21.0 - 30-04-2024 *\/\n.elementor-widget-text-editor.elementor-drop-cap-view-stacked .elementor-drop-cap{background-color:#69727d;color:#fff}.elementor-widget-text-editor.elementor-drop-cap-view-framed .elementor-drop-cap{color:#69727d;border:3px solid;background-color:transparent}.elementor-widget-text-editor:not(.elementor-drop-cap-view-default) .elementor-drop-cap{margin-top:8px}.elementor-widget-text-editor:not(.elementor-drop-cap-view-default) .elementor-drop-cap-letter{width:1em;height:1em}.elementor-widget-text-editor .elementor-drop-cap{float:left;text-align:center;line-height:1;font-size:50px}.elementor-widget-text-editor .elementor-drop-cap-letter{display:inline-block}<\/style>\t\t\t\t\t\t\t<div class=\"elementor-text-editor elementor-clearfix\">\r\n\t\t\t\t\t\t<p style=\"text-align: center;\">It seems that the page is not on our website. Try a search.<\/p>\n\t\t\t\t\t\t\t<\/div>\r\n\t\t\t\t\t\t\t\t<\/div>\n\t\t\t\t<\/div>\n\t\t\t\t<div class=\"elementor-element elementor-element-9b2999e flex-horizontal-align-default flex-horizontal-align-tablet-default flex-horizontal-align-mobile-default flex-vertical-align-default flex-vertical-align-tablet-default flex-vertical-align-mobile-default elementor-widget elementor-widget-thegem-searchbar\" data-id=\"9b2999e\" data-element_type=\"widget\" data-settings=\"{&quot;thegem_elementor_preset&quot;:&quot;light&quot;,&quot;add_icon&quot;:&quot;yes&quot;}\" data-widget_type=\"thegem-searchbar.default\">\n\t\t\t\t<div class=\"elementor-widget-container\">\n\t\t\t\n\t\t<div class=\"gem-search-form gem-search-form-style-light gem-search-form-submit-inside  gem-search-form-submit-icon-\">\n\t\t\t<form role=\"search\" method=\"get\" class=\"search-form\" action=\"https:\/\/www.atrevia.com\/en\/\">\n\t\t\t\t\t\t\t\t<input class=\"search-field\" type=\"search\" name=\"s\" placeholder=\"Buscar...\" \/>\n\t\t\t\t<button class=\"gem-button gem-button-size-normal gem-button-style-flat search-submit gem-button-text-weight-thin\" type=\"submit\">\n\t\t\t\t<span class=\"search-submit-icon\"><i aria-hidden=\"true\" class=\"icon icon-lupa_atrevia_web\"><\/i><\/span>\t\t\t\t<\/button>\n\t\t\t\t\t\t\t<\/form>\n\t\t<\/div>\n\n\t\t\t\t<\/div>\n\t\t\t\t<\/div>\n\t\t\t\t\t<\/div>\n\t\t<\/div>\n\t\t\t\t\t<\/div><\/div>\r\n\t\t<\/section>\r\n\t\t\t\t<\/div>\n\t\t","protected":false},"excerpt":{"rendered":"<p>404 It seems that the page is not on our website. Try a search.<\/p>\n","protected":false},"author":112,"featured_media":0,"parent":0,"menu_order":0,"comment_status":"closed","ping_status":"closed","template":"page-fullwidth.php","meta":{"_acf_changed":false,"content-type":"","footnotes":""},"class_list":["post-68561","page","type-page","status-publish"],"acf":[],"yoast_head":"<!-- This site is optimized with the Yoast SEO plugin v24.8 - https:\/\/yoast.com\/wordpress\/plugins\/seo\/ -->\n<title>error 404 - ATREVIA<\/title>\n<meta name=\"robots\" content=\"index, follow, max-snippet:-1, max-image-preview:large, max-video-preview:-1\" \/>\n<link rel=\"canonical\" href=\"https:\/\/www.atrevia.com\/en\/error-404\/\" \/>\n<meta property=\"og:locale\" content=\"en_US\" \/>\n<meta property=\"og:type\" content=\"article\" \/>\n<meta property=\"og:title\" content=\"error 404 - ATREVIA\" \/>\n<meta property=\"og:description\" content=\"404 It seems that the page is not on our website. Try a search.\" \/>\n<meta property=\"og:url\" content=\"https:\/\/www.atrevia.com\/en\/error-404\/\" \/>\n<meta property=\"og:site_name\" content=\"ATREVIA\" \/>\n<meta property=\"article:publisher\" content=\"https:\/\/www.facebook.com\/AtreviaComunicacion\" \/>\n<meta property=\"article:modified_time\" content=\"2023-05-24T16:18:08+00:00\" \/>\n<meta name=\"twitter:card\" content=\"summary_large_image\" \/>\n<meta name=\"twitter:site\" content=\"@atrevia\" \/>\n<script type=\"application\/ld+json\" class=\"yoast-schema-graph\">{\"@context\":\"https:\/\/schema.org\",\"@graph\":[{\"@type\":\"WebPage\",\"@id\":\"https:\/\/www.atrevia.com\/en\/error-404\/\",\"url\":\"https:\/\/www.atrevia.com\/en\/error-404\/\",\"name\":\"error 404 - ATREVIA\",\"isPartOf\":{\"@id\":\"https:\/\/www.atrevia.com\/#website\"},\"datePublished\":\"2023-05-24T16:18:06+00:00\",\"dateModified\":\"2023-05-24T16:18:08+00:00\",\"breadcrumb\":{\"@id\":\"https:\/\/www.atrevia.com\/en\/error-404\/#breadcrumb\"},\"inLanguage\":\"en-US\",\"potentialAction\":[{\"@type\":\"ReadAction\",\"target\":[\"https:\/\/www.atrevia.com\/en\/error-404\/\"]}]},{\"@type\":\"BreadcrumbList\",\"@id\":\"https:\/\/www.atrevia.com\/en\/error-404\/#breadcrumb\",\"itemListElement\":[{\"@type\":\"ListItem\",\"position\":1,\"name\":\"Home\",\"item\":\"https:\/\/www.atrevia.com\/en\/\"},{\"@type\":\"ListItem\",\"position\":2,\"name\":\"error 404\"}]},{\"@type\":\"WebSite\",\"@id\":\"https:\/\/www.atrevia.com\/#website\",\"url\":\"https:\/\/www.atrevia.com\/\",\"name\":\"ATREVIA\",\"description\":\"Somos una empresa Global de Comunicaci\u00f3n y Posicionamiento Estrat\u00e9gico, la mayor en Espa\u00f1a. Nuestras oficinas propias en 15 pa\u00edses y nuestra red de partners nos permiten ofrecer una cobertura global a nuestros clientes.\",\"potentialAction\":[{\"@type\":\"SearchAction\",\"target\":{\"@type\":\"EntryPoint\",\"urlTemplate\":\"https:\/\/www.atrevia.com\/?s={search_term_string}\"},\"query-input\":{\"@type\":\"PropertyValueSpecification\",\"valueRequired\":true,\"valueName\":\"search_term_string\"}}],\"inLanguage\":\"en-US\"}]}<\/script>\n<!-- \/ Yoast SEO plugin. -->","yoast_head_json":{"title":"error 404 - ATREVIA","robots":{"index":"index","follow":"follow","max-snippet":"max-snippet:-1","max-image-preview":"max-image-preview:large","max-video-preview":"max-video-preview:-1"},"canonical":"https:\/\/www.atrevia.com\/en\/error-404\/","og_locale":"en_US","og_type":"article","og_title":"error 404 - ATREVIA","og_description":"404 It seems that the page is not on our website. Try a search.","og_url":"https:\/\/www.atrevia.com\/en\/error-404\/","og_site_name":"ATREVIA","article_publisher":"https:\/\/www.facebook.com\/AtreviaComunicacion","article_modified_time":"2023-05-24T16:18:08+00:00","twitter_card":"summary_large_image","twitter_site":"@atrevia","schema":{"@context":"https:\/\/schema.org","@graph":[{"@type":"WebPage","@id":"https:\/\/www.atrevia.com\/en\/error-404\/","url":"https:\/\/www.atrevia.com\/en\/error-404\/","name":"error 404 - ATREVIA","isPartOf":{"@id":"https:\/\/www.atrevia.com\/#website"},"datePublished":"2023-05-24T16:18:06+00:00","dateModified":"2023-05-24T16:18:08+00:00","breadcrumb":{"@id":"https:\/\/www.atrevia.com\/en\/error-404\/#breadcrumb"},"inLanguage":"en-US","potentialAction":[{"@type":"ReadAction","target":["https:\/\/www.atrevia.com\/en\/error-404\/"]}]},{"@type":"BreadcrumbList","@id":"https:\/\/www.atrevia.com\/en\/error-404\/#breadcrumb","itemListElement":[{"@type":"ListItem","position":1,"name":"Home","item":"https:\/\/www.atrevia.com\/en\/"},{"@type":"ListItem","position":2,"name":"error 404"}]},{"@type":"WebSite","@id":"https:\/\/www.atrevia.com\/#website","url":"https:\/\/www.atrevia.com\/","name":"ATREVIA","description":"Somos una empresa Global de Comunicaci\u00f3n y Posicionamiento Estrat\u00e9gico, la mayor en Espa\u00f1a. Nuestras oficinas propias en 15 pa\u00edses y nuestra red de partners nos permiten ofrecer una cobertura global a nuestros clientes.","potentialAction":[{"@type":"SearchAction","target":{"@type":"EntryPoint","urlTemplate":"https:\/\/www.atrevia.com\/?s={search_term_string}"},"query-input":{"@type":"PropertyValueSpecification","valueRequired":true,"valueName":"search_term_string"}}],"inLanguage":"en-US"}]}},"_links":{"self":[{"href":"https:\/\/www.atrevia.com\/en\/wp-json\/wp\/v2\/pages\/68561","targetHints":{"allow":["GET"]}}],"collection":[{"href":"https:\/\/www.atrevia.com\/en\/wp-json\/wp\/v2\/pages"}],"about":[{"href":"https:\/\/www.atrevia.com\/en\/wp-json\/wp\/v2\/types\/page"}],"author":[{"embeddable":true,"href":"https:\/\/www.atrevia.com\/en\/wp-json\/wp\/v2\/users\/112"}],"replies":[{"embeddable":true,"href":"https:\/\/www.atrevia.com\/en\/wp-json\/wp\/v2\/comments?post=68561"}],"version-history":[{"count":0,"href":"https:\/\/www.atrevia.com\/en\/wp-json\/wp\/v2\/pages\/68561\/revisions"}],"wp:attachment":[{"href":"https:\/\/www.atrevia.com\/en\/wp-json\/wp\/v2\/media?parent=68561"}],"curies":[{"name":"wp","href":"https:\/\/api.w.org\/{rel}","templated":true}]}}