{"id":8488,"date":"2014-11-24T14:35:22","date_gmt":"2014-11-24T14:35:22","guid":{"rendered":"https:\/\/www.atrevia.com\/ahora-somos\/nuestra-empresa\/"},"modified":"2019-10-28T14:49:13","modified_gmt":"2019-10-28T12:49:13","slug":"our-company","status":"publish","type":"page","link":"https:\/\/www.atrevia.com\/en\/our-company\/","title":{"rendered":"Our company"},"content":{"rendered":"<p>[section_dd][column_dd span=&#8217;12&#8217;][tabs_dd tabs_position=&#8217;top&#8217; style=&#8217;timeline&#8217; effect=&#8217;slide&#8217; selected=&#8217;9&#8242;][tab_dd title=&#8217;1988&#8242;]<\/p>\n<p style=\"text-align: center;\">Foundation of Inforpress, Press Office.<br \/>\n<img class=\"alignnone size-full wp-image-8797 aligncenter\" src=\"https:\/\/www.atrevia.com\/wp-content\/uploads\/2015\/02\/inforpress-antiguo.png\" alt=\"inforpress-antiguo\" width=\"285\" height=\"142\" \/><\/p>\n<p>[\/tab_dd]<\/p>\n<p>[tab_dd title=&#8217;1999&#8242;]<\/p>\n<p style=\"text-align: center;\">We opened our first international office in Lisbon.<\/p>\n<p style=\"text-align: center;\"><img class=\"aligncenter wp-image-8802 size-full\" src=\"https:\/\/www.atrevia.com\/wp-content\/uploads\/2015\/02\/lisboa.png\" alt=\"lisboa\" width=\"319\" height=\"338\" \/><\/p>\n<p>[\/tab_dd]<\/p>\n<p>[tab_dd title=&#8217;2000&#8242;]<\/p>\n<p style=\"text-align: center;\">The dotcom revolution. We created our e-communication division.<\/p>\n<p style=\"text-align: center;\"><img class=\"aligncenter size-full wp-image-8803\" src=\"https:\/\/www.atrevia.com\/wp-content\/uploads\/2015\/02\/ecomunicacion-blanco.png\" alt=\"ecomunicacion-blanco\" width=\"285\" height=\"50\" \/><\/p>\n<p>[\/tab_dd]<\/p>\n<p>[tab_dd title=&#8217;2003&#8242;]<\/p>\n<p style=\"text-align: center;\">In partnership with IE Business School Madrid and \u201cCapital Humano\u201d magazine we founded the 1st Observatorio de Comunicaci\u00f3n Interna (Internal Communication Observatory).<\/p>\n<p style=\"text-align: center;\"><img class=\"aligncenter size-full wp-image-8799\" src=\"https:\/\/www.atrevia.com\/wp-content\/uploads\/2015\/02\/observatorio-blanco.png\" alt=\"observatorio-blanco\" width=\"285\" height=\"146\" \/><\/p>\n<p>[\/tab_dd]<\/p>\n<p>[tab_dd title=&#8217;2004&#8242;]<\/p>\n<p style=\"text-align: center;\">We became partners of United Nations Global Compact.<\/p>\n<p style=\"text-align: center;\"><img class=\"aligncenter size-full wp-image-8798\" src=\"https:\/\/www.atrevia.com\/wp-content\/uploads\/2015\/02\/the-global-compact.png\" alt=\"the-global-compact\" width=\"285\" height=\"146\" \/><\/p>\n<p>[\/tab_dd]<\/p>\n<p>[tab_dd title=&#8217;2005&#8242;]<\/p>\n<p style=\"text-align: center;\">In partnership with ISES we developed the Foro de Buen Gobierno y Accionistas (Forum of Good Governance and Stockholders).<\/p>\n<p style=\"text-align: center;\"><img class=\"aligncenter size-full wp-image-8760\" src=\"https:\/\/www.atrevia.com\/wp-content\/uploads\/2014\/12\/foro1.png\" alt=\"foro\" width=\"202\" height=\"227\" \/><\/p>\n<p>[\/tab_dd]<\/p>\n<p>[tab_dd title=&#8217;2009&#8242;]<\/p>\n<p style=\"text-align: center;\">We expanded to Latin America starting with Brazil and soon afterwards Colombia, and Peru, following big companies like Coca-Cola, Mineros and\u00a0Pacific Rubiales.<\/p>\n<p style=\"text-align: center;\"><img class=\"aligncenter size-full wp-image-8800\" src=\"https:\/\/www.atrevia.com\/wp-content\/uploads\/2015\/02\/MAPA.png\" alt=\"MAPA\" width=\"531\" height=\"284\" \/><\/p>\n<p>[\/tab_dd]<\/p>\n<p>[tab_dd title=&#8217;2014&#8242;]<\/p>\n<p style=\"text-align: center;\">We celebrated our 25th anniversary. There is no better moment to reinvent ourselves \u2026<\/p>\n<p><iframe title=\"Algo importante est\u00e1 pasando en Inforpress\" width=\"1170\" height=\"658\" data-cookieconsent=\"preferences, statistics, marketing\" data-src=\"https:\/\/www.youtube.com\/embed\/lB_XINGur24?feature=oembed\" frameborder=\"0\" allow=\"accelerometer; autoplay; clipboard-write; encrypted-media; gyroscope; picture-in-picture; web-share\" allowfullscreen><\/iframe><div class=\"cookieconsent-optout-preferences cookieconsent-optout-statistics cookieconsent-optout-marketing\"><\/div><\/p>\n<p>&nbsp;<\/p>\n<p>[\/tab_dd]<\/p>\n<p>[tab_dd title=&#8217;2017&#8242;]<\/p>\n<p style=\"text-align: center;\">Thanks to the opening of new offices in Argentina, Dominican Republic and Paraguay this year, we are now present in a total of 15 countries all over the world.<\/p>\n<p style=\"text-align: center;\"><img class=\"aligncenter size-full wp-image-8800\" src=\"https:\/\/www.atrevia.com\/wp-content\/uploads\/2015\/02\/MAPA.png\" alt=\"MAPA\" width=\"531\" height=\"284\" \/><\/p>\n<p>[\/tab_dd]<\/p>\n<p>[\/tab_dd][\/tabs_dd][\/column_dd][\/section_dd]<\/p>\n","protected":false},"excerpt":{"rendered":"<p>[section_dd][column_dd span=&#8217;12&#8217;][tabs_dd tabs_position=&#8217;top&#8217; style=&#8217;timeline&#8217; effect=&#8217;slide&#8217; selected=&#8217;9&#8242;][tab_dd title=&#8217;1988&#8242;] Foundation of Inforpress, Press Office. [\/tab_dd] [tab_dd title=&#8217;1999&#8242;] We opened our first international office in Lisbon. [\/tab_dd] [tab_dd title=&#8217;2000&#8242;] The dotcom revolution. We created our e-communication division. [\/tab_dd] [tab_dd title=&#8217;2003&#8242;] In partnership with IE Business School Madrid and \u201cCapital Humano\u201d magazine we founded the 1st Observatorio de Comunicaci\u00f3n Interna (Internal Communication Observatory). [\/tab_dd] [tab_dd title=&#8217;2004&#8242;] We became partners of United Nations Global Compact. [\/tab_dd] [tab_dd title=&#8217;2005&#8242;] In partnership with ISES we developed the&#8230;<\/p>\n","protected":false},"author":28,"featured_media":8362,"parent":0,"menu_order":1,"comment_status":"closed","ping_status":"closed","template":"templates\/nuestra-empresa.php","meta":{"_acf_changed":false,"content-type":"","footnotes":""},"class_list":["post-8488","page","type-page","status-publish","has-post-thumbnail"],"acf":[],"yoast_head":"<!-- This site is optimized with the Yoast SEO plugin v24.8 - https:\/\/yoast.com\/wordpress\/plugins\/seo\/ -->\n<title>Our company - ATREVIA<\/title>\n<meta name=\"robots\" content=\"index, follow, max-snippet:-1, max-image-preview:large, max-video-preview:-1\" \/>\n<link rel=\"canonical\" href=\"https:\/\/www.atrevia.com\/en\/our-company\/\" \/>\n<meta property=\"og:locale\" content=\"en_US\" \/>\n<meta property=\"og:type\" content=\"article\" \/>\n<meta property=\"og:title\" content=\"Our company - ATREVIA\" \/>\n<meta property=\"og:description\" content=\"[section_dd][column_dd span=&#8217;12&#8217;][tabs_dd tabs_position=&#8217;top&#8217; style=&#8217;timeline&#8217; effect=&#8217;slide&#8217; selected=&#8217;9&#8242;][tab_dd title=&#8217;1988&#8242;] Foundation of Inforpress, Press Office. [\/tab_dd] [tab_dd title=&#8217;1999&#8242;] We opened our first international office in Lisbon. [\/tab_dd] [tab_dd title=&#8217;2000&#8242;] The dotcom revolution. We created our e-communication division. [\/tab_dd] [tab_dd title=&#8217;2003&#8242;] In partnership with IE Business School Madrid and \u201cCapital Humano\u201d magazine we founded the 1st Observatorio de Comunicaci\u00f3n Interna (Internal Communication Observatory). [\/tab_dd] [tab_dd title=&#8217;2004&#8242;] We became partners of United Nations Global Compact. [\/tab_dd] [tab_dd title=&#8217;2005&#8242;] In partnership with ISES we developed the...\" \/>\n<meta property=\"og:url\" content=\"https:\/\/www.atrevia.com\/en\/our-company\/\" \/>\n<meta property=\"og:site_name\" content=\"ATREVIA\" \/>\n<meta property=\"article:publisher\" content=\"https:\/\/www.facebook.com\/AtreviaComunicacion\" \/>\n<meta property=\"article:modified_time\" content=\"2019-10-28T12:49:13+00:00\" \/>\n<meta property=\"og:image\" content=\"https:\/\/www.atrevia.com\/wp-content\/uploads\/2014\/11\/bg-empresa.jpg\" \/>\n\t<meta property=\"og:image:width\" content=\"1920\" \/>\n\t<meta property=\"og:image:height\" content=\"1319\" \/>\n\t<meta property=\"og:image:type\" content=\"image\/jpeg\" \/>\n<meta name=\"twitter:card\" content=\"summary_large_image\" \/>\n<meta name=\"twitter:site\" content=\"@atrevia\" \/>\n<meta name=\"twitter:label1\" content=\"Est. reading time\" \/>\n\t<meta name=\"twitter:data1\" content=\"1 minute\" \/>\n<script type=\"application\/ld+json\" class=\"yoast-schema-graph\">{\"@context\":\"https:\/\/schema.org\",\"@graph\":[{\"@type\":\"WebPage\",\"@id\":\"https:\/\/www.atrevia.com\/en\/our-company\/\",\"url\":\"https:\/\/www.atrevia.com\/en\/our-company\/\",\"name\":\"Our company - ATREVIA\",\"isPartOf\":{\"@id\":\"https:\/\/www.atrevia.com\/#website\"},\"primaryImageOfPage\":{\"@id\":\"https:\/\/www.atrevia.com\/en\/our-company\/#primaryimage\"},\"image\":{\"@id\":\"https:\/\/www.atrevia.com\/en\/our-company\/#primaryimage\"},\"thumbnailUrl\":\"https:\/\/www.atrevia.com\/wp-content\/uploads\/2014\/11\/bg-empresa.jpg\",\"datePublished\":\"2014-11-24T14:35:22+00:00\",\"dateModified\":\"2019-10-28T12:49:13+00:00\",\"breadcrumb\":{\"@id\":\"https:\/\/www.atrevia.com\/en\/our-company\/#breadcrumb\"},\"inLanguage\":\"en-US\",\"potentialAction\":[{\"@type\":\"ReadAction\",\"target\":[\"https:\/\/www.atrevia.com\/en\/our-company\/\"]}]},{\"@type\":\"ImageObject\",\"inLanguage\":\"en-US\",\"@id\":\"https:\/\/www.atrevia.com\/en\/our-company\/#primaryimage\",\"url\":\"https:\/\/www.atrevia.com\/wp-content\/uploads\/2014\/11\/bg-empresa.jpg\",\"contentUrl\":\"https:\/\/www.atrevia.com\/wp-content\/uploads\/2014\/11\/bg-empresa.jpg\",\"width\":1920,\"height\":1319},{\"@type\":\"BreadcrumbList\",\"@id\":\"https:\/\/www.atrevia.com\/en\/our-company\/#breadcrumb\",\"itemListElement\":[{\"@type\":\"ListItem\",\"position\":1,\"name\":\"Home\",\"item\":\"https:\/\/www.atrevia.com\/en\/\"},{\"@type\":\"ListItem\",\"position\":2,\"name\":\"Our company\"}]},{\"@type\":\"WebSite\",\"@id\":\"https:\/\/www.atrevia.com\/#website\",\"url\":\"https:\/\/www.atrevia.com\/\",\"name\":\"ATREVIA\",\"description\":\"Somos una empresa Global de Comunicaci\u00f3n y Posicionamiento Estrat\u00e9gico, la mayor en Espa\u00f1a. Nuestras oficinas propias en 15 pa\u00edses y nuestra red de partners nos permiten ofrecer una cobertura global a nuestros clientes.\",\"potentialAction\":[{\"@type\":\"SearchAction\",\"target\":{\"@type\":\"EntryPoint\",\"urlTemplate\":\"https:\/\/www.atrevia.com\/?s={search_term_string}\"},\"query-input\":{\"@type\":\"PropertyValueSpecification\",\"valueRequired\":true,\"valueName\":\"search_term_string\"}}],\"inLanguage\":\"en-US\"}]}<\/script>\n<!-- \/ Yoast SEO plugin. -->","yoast_head_json":{"title":"Our company - ATREVIA","robots":{"index":"index","follow":"follow","max-snippet":"max-snippet:-1","max-image-preview":"max-image-preview:large","max-video-preview":"max-video-preview:-1"},"canonical":"https:\/\/www.atrevia.com\/en\/our-company\/","og_locale":"en_US","og_type":"article","og_title":"Our company - ATREVIA","og_description":"[section_dd][column_dd span=&#8217;12&#8217;][tabs_dd tabs_position=&#8217;top&#8217; style=&#8217;timeline&#8217; effect=&#8217;slide&#8217; selected=&#8217;9&#8242;][tab_dd title=&#8217;1988&#8242;] Foundation of Inforpress, Press Office. [\/tab_dd] [tab_dd title=&#8217;1999&#8242;] We opened our first international office in Lisbon. [\/tab_dd] [tab_dd title=&#8217;2000&#8242;] The dotcom revolution. We created our e-communication division. [\/tab_dd] [tab_dd title=&#8217;2003&#8242;] In partnership with IE Business School Madrid and \u201cCapital Humano\u201d magazine we founded the 1st Observatorio de Comunicaci\u00f3n Interna (Internal Communication Observatory). [\/tab_dd] [tab_dd title=&#8217;2004&#8242;] We became partners of United Nations Global Compact. [\/tab_dd] [tab_dd title=&#8217;2005&#8242;] In partnership with ISES we developed the...","og_url":"https:\/\/www.atrevia.com\/en\/our-company\/","og_site_name":"ATREVIA","article_publisher":"https:\/\/www.facebook.com\/AtreviaComunicacion","article_modified_time":"2019-10-28T12:49:13+00:00","og_image":[{"width":1920,"height":1319,"url":"https:\/\/www.atrevia.com\/wp-content\/uploads\/2014\/11\/bg-empresa.jpg","type":"image\/jpeg"}],"twitter_card":"summary_large_image","twitter_site":"@atrevia","twitter_misc":{"Est. reading time":"1 minute"},"schema":{"@context":"https:\/\/schema.org","@graph":[{"@type":"WebPage","@id":"https:\/\/www.atrevia.com\/en\/our-company\/","url":"https:\/\/www.atrevia.com\/en\/our-company\/","name":"Our company - ATREVIA","isPartOf":{"@id":"https:\/\/www.atrevia.com\/#website"},"primaryImageOfPage":{"@id":"https:\/\/www.atrevia.com\/en\/our-company\/#primaryimage"},"image":{"@id":"https:\/\/www.atrevia.com\/en\/our-company\/#primaryimage"},"thumbnailUrl":"https:\/\/www.atrevia.com\/wp-content\/uploads\/2014\/11\/bg-empresa.jpg","datePublished":"2014-11-24T14:35:22+00:00","dateModified":"2019-10-28T12:49:13+00:00","breadcrumb":{"@id":"https:\/\/www.atrevia.com\/en\/our-company\/#breadcrumb"},"inLanguage":"en-US","potentialAction":[{"@type":"ReadAction","target":["https:\/\/www.atrevia.com\/en\/our-company\/"]}]},{"@type":"ImageObject","inLanguage":"en-US","@id":"https:\/\/www.atrevia.com\/en\/our-company\/#primaryimage","url":"https:\/\/www.atrevia.com\/wp-content\/uploads\/2014\/11\/bg-empresa.jpg","contentUrl":"https:\/\/www.atrevia.com\/wp-content\/uploads\/2014\/11\/bg-empresa.jpg","width":1920,"height":1319},{"@type":"BreadcrumbList","@id":"https:\/\/www.atrevia.com\/en\/our-company\/#breadcrumb","itemListElement":[{"@type":"ListItem","position":1,"name":"Home","item":"https:\/\/www.atrevia.com\/en\/"},{"@type":"ListItem","position":2,"name":"Our company"}]},{"@type":"WebSite","@id":"https:\/\/www.atrevia.com\/#website","url":"https:\/\/www.atrevia.com\/","name":"ATREVIA","description":"Somos una empresa Global de Comunicaci\u00f3n y Posicionamiento Estrat\u00e9gico, la mayor en Espa\u00f1a. Nuestras oficinas propias en 15 pa\u00edses y nuestra red de partners nos permiten ofrecer una cobertura global a nuestros clientes.","potentialAction":[{"@type":"SearchAction","target":{"@type":"EntryPoint","urlTemplate":"https:\/\/www.atrevia.com\/?s={search_term_string}"},"query-input":{"@type":"PropertyValueSpecification","valueRequired":true,"valueName":"search_term_string"}}],"inLanguage":"en-US"}]}},"_links":{"self":[{"href":"https:\/\/www.atrevia.com\/en\/wp-json\/wp\/v2\/pages\/8488","targetHints":{"allow":["GET"]}}],"collection":[{"href":"https:\/\/www.atrevia.com\/en\/wp-json\/wp\/v2\/pages"}],"about":[{"href":"https:\/\/www.atrevia.com\/en\/wp-json\/wp\/v2\/types\/page"}],"author":[{"embeddable":true,"href":"https:\/\/www.atrevia.com\/en\/wp-json\/wp\/v2\/users\/28"}],"replies":[{"embeddable":true,"href":"https:\/\/www.atrevia.com\/en\/wp-json\/wp\/v2\/comments?post=8488"}],"version-history":[{"count":0,"href":"https:\/\/www.atrevia.com\/en\/wp-json\/wp\/v2\/pages\/8488\/revisions"}],"wp:featuredmedia":[{"embeddable":true,"href":"https:\/\/www.atrevia.com\/en\/wp-json\/wp\/v2\/media\/8362"}],"wp:attachment":[{"href":"https:\/\/www.atrevia.com\/en\/wp-json\/wp\/v2\/media?parent=8488"}],"curies":[{"name":"wp","href":"https:\/\/api.w.org\/{rel}","templated":true}]}}