{"id":8648,"date":"2015-01-21T09:19:25","date_gmt":"2015-01-21T09:19:25","guid":{"rendered":"https:\/\/www.atrevia.com\/mapa-del-sitio-2\/"},"modified":"2023-05-16T16:11:45","modified_gmt":"2023-05-16T14:11:45","slug":"site-map","status":"publish","type":"page","link":"https:\/\/www.atrevia.com\/en\/site-map\/","title":{"rendered":"Site Map"},"content":{"rendered":"<ul class=\"list-pages-shortcode list-pages\"><li class=\"page_item page-item-24688\"><a href=\"https:\/\/www.atrevia.com\/en\/agencybck\/\">Agency<\/a><\/li>\n<li class=\"page_item page-item-39333\"><a href=\"https:\/\/www.atrevia.com\/en\/agency\/\">Agency<\/a><\/li>\n<li class=\"page_item page-item-24692\"><a href=\"https:\/\/www.atrevia.com\/en\/consultancy-bck\/\">Consultancy<\/a><\/li>\n<li class=\"page_item page-item-39303\"><a href=\"https:\/\/www.atrevia.com\/en\/consultancy\/\">Consultancy<\/a><\/li>\n<li class=\"page_item page-item-68561\"><a href=\"https:\/\/www.atrevia.com\/en\/error-404\/\">error 404<\/a><\/li>\n<li class=\"page_item page-item-8495\"><a href=\"https:\/\/www.atrevia.com\/en\/family-business-forum\/\">Family Business Forum<\/a><\/li>\n<li class=\"page_item page-item-26269\"><a href=\"https:\/\/www.atrevia.com\/en\/fitur\/\">Fitur<\/a><\/li>\n<li class=\"page_item page-item-15604\"><a href=\"https:\/\/www.atrevia.com\/en\/generacion-z\/\">Generaci\u00f3n Z<\/a><\/li>\n<li class=\"page_item page-item-8496\"><a href=\"https:\/\/www.atrevia.com\/en\/good-governance-and-stockholders-forum\/\">Good Governance and Stockholders Forum<\/a><\/li>\n<li class=\"page_item page-item-39539\"><a href=\"https:\/\/www.atrevia.com\/en\/\">HOME<\/a><\/li>\n<li class=\"page_item page-item-8497\"><a href=\"https:\/\/www.atrevia.com\/en\/internal-communication-observatory\/\">Internal Communication Observatory<\/a><\/li>\n<li class=\"page_item page-item-65310 page_item_has_children\"><a href=\"https:\/\/www.atrevia.com\/en\/services\/\">Services<\/a>\n<ul class='children'>\n\t<li class=\"page_item page-item-66068\"><a href=\"https:\/\/www.atrevia.com\/en\/services\/public-relations-and-marketing-influencers\/\">Public Relations and Marketing Influencers<\/a><\/li>\n\t<li class=\"page_item page-item-67682 page_item_has_children\"><a href=\"https:\/\/www.atrevia.com\/en\/services\/agency\/\">Agency<\/a>\n\t<ul class='children'>\n\t\t<li class=\"page_item page-item-66072\"><a href=\"https:\/\/www.atrevia.com\/en\/services\/agency\/communications-and-digital-marketing\/\">Communications and Digital Marketing<\/a><\/li>\n\t\t<li class=\"page_item page-item-66076\"><a href=\"https:\/\/www.atrevia.com\/en\/services\/agency\/advertising-and-activations\/\">Publicidad y activaciones<\/a><\/li>\n\t<\/ul>\n<\/li>\n\t<li class=\"page_item page-item-81272\"><a href=\"https:\/\/www.atrevia.com\/en\/services\/agency-2\/\">AGENCY<\/a><\/li>\n\t<li class=\"page_item page-item-66066 page_item_has_children\"><a href=\"https:\/\/www.atrevia.com\/en\/services\/consultancy\/\">Consultancy<\/a>\n\t<ul class='children'>\n\t\t<li class=\"page_item page-item-65780\"><a href=\"https:\/\/www.atrevia.com\/en\/services\/consultancy\/crisis-issues-and-litigation-prevention-and-management\/\">Crisis, Issues and Litigation Prevention and Management<\/a><\/li>\n\t\t<li class=\"page_item page-item-65939\"><a href=\"https:\/\/www.atrevia.com\/en\/services\/consultancy\/financial-communication-and-investor-relations\/\">Financial communication and investor relations<\/a><\/li>\n\t\t<li class=\"page_item page-item-65924\"><a href=\"https:\/\/www.atrevia.com\/en\/services\/consultancy\/internal-communication-culture-and-people\/\">Internal communication, culture and people<\/a><\/li>\n\t\t<li class=\"page_item page-item-65940\"><a href=\"https:\/\/www.atrevia.com\/en\/services\/consultancy\/market-access-and-corporate-relations\/\">Market access and corporate relations\u00a0<\/a><\/li>\n\t\t<li class=\"page_item page-item-65932\"><a href=\"https:\/\/www.atrevia.com\/en\/services\/consultancy\/media-publications-and-corporate-reports\/\">Media, publications and corporate reports<\/a><\/li>\n\t\t<li class=\"page_item page-item-65778\"><a href=\"https:\/\/www.atrevia.com\/en\/services\/consultancy\/public-affairs-and-institutional-relations\/\">Public Affairs and Institutional Relations<\/a><\/li>\n\t\t<li class=\"page_item page-item-65784\"><a href=\"https:\/\/www.atrevia.com\/en\/services\/consultancy\/purpose-reputation-and-sustainability\/\">Purpose, Reputation and Sustainability<\/a><\/li>\n\t\t<li class=\"page_item page-item-65953\"><a href=\"https:\/\/www.atrevia.com\/en\/services\/consultancy\/social-listening-digital-intelligence-and-data-analytics\/\">Social Listening, Digital Intelligence and Data Analytics<\/a><\/li>\n\t\t<li class=\"page_item page-item-65927\"><a href=\"https:\/\/www.atrevia.com\/en\/services\/consultancy\/social-mobilization-and-community-management\/\">Social mobilization and community management<\/a><\/li>\n\t\t<li class=\"page_item page-item-65913\"><a href=\"https:\/\/www.atrevia.com\/en\/services\/consultancy\/social-research-and-market-studies\/\">Social Research and Market Studies\u00a0<\/a><\/li>\n\t\t<li class=\"page_item page-item-65919\"><a href=\"https:\/\/www.atrevia.com\/en\/services\/consultancy\/spokesperson-training-and-communication-skills-for-leaders\/\">Spokesperson Training and Communication Skills for Leaders<\/a><\/li>\n\t\t<li class=\"page_item page-item-65902\"><a href=\"https:\/\/www.atrevia.com\/en\/services\/consultancy\/stakeholder-relations-and-social-license\/\">Stakeholder Relations and Social License<\/a><\/li>\n\t<\/ul>\n<\/li>\n<\/ul>\n<\/li>\n<li class=\"page_item page-item-15456\"><a href=\"https:\/\/www.atrevia.com\/en\/spherical-brand\/\">Spherical Brand<\/a><\/li>\n<li class=\"page_item page-item-24684\"><a href=\"https:\/\/www.atrevia.com\/en\/technology\/\">Technology<\/a><\/li>\n<li class=\"page_item page-item-8485\"><a href=\"https:\/\/www.atrevia.com\/en\/transversal-services\/\">transversal services<\/a><\/li>\n<li class=\"page_item page-item-18609\"><a href=\"https:\/\/www.atrevia.com\/en\/your-perfect-partner\/\">Your perfect partner<\/a><\/li>\n<li class=\"page_item page-item-10087\"><a href=\"https:\/\/www.atrevia.com\/en\/atrevia-en\/\">ATREVIA English<\/a><\/li>\n<li class=\"page_item page-item-8488\"><a href=\"https:\/\/www.atrevia.com\/en\/our-company\/\">Our company<\/a><\/li>\n<li class=\"page_item page-item-8489\"><a href=\"https:\/\/www.atrevia.com\/en\/our-values\/\">Our Values<\/a><\/li>\n<li class=\"page_item page-item-8481\"><a href=\"https:\/\/www.atrevia.com\/en\/what-we-do\/\">What we do<\/a><\/li>\n<li class=\"page_item page-item-8487\"><a href=\"https:\/\/www.atrevia.com\/en\/atrevia\/\">Atrevia<\/a><\/li>\n<li class=\"page_item page-item-8482\"><a href=\"https:\/\/www.atrevia.com\/en\/corporate-area\/\">corporate area<\/a><\/li>\n<li class=\"page_item page-item-65236\"><a href=\"https:\/\/www.atrevia.com\/en\/talent\/\">Talent<\/a><\/li>\n<li class=\"page_item page-item-8486\"><a href=\"https:\/\/www.atrevia.com\/en\/we-are\/\">We are<\/a><\/li>\n<li class=\"page_item page-item-8491\"><a href=\"https:\/\/www.atrevia.com\/en\/where-we-are\/\">Where we are<\/a><\/li>\n<li class=\"page_item page-item-65303\"><a href=\"https:\/\/www.atrevia.com\/en\/about-us\/\">About Us<\/a><\/li>\n<li class=\"page_item page-item-8483\"><a href=\"https:\/\/www.atrevia.com\/en\/brands-area\/\">brands area<\/a><\/li>\n<li class=\"page_item page-item-8886\"><a href=\"https:\/\/www.atrevia.com\/en\/our-team\/\">Our team<\/a><\/li>\n<li class=\"page_item page-item-8493\"><a href=\"https:\/\/www.atrevia.com\/en\/requesting-the-report\/\">Requesting the report<\/a><\/li>\n<li class=\"page_item page-item-8492\"><a href=\"https:\/\/www.atrevia.com\/en\/we-share\/\">We share<\/a><\/li>\n<li class=\"page_item page-item-65259\"><a href=\"https:\/\/www.atrevia.com\/en\/news\/\">News<\/a><\/li>\n<li class=\"page_item page-item-8484\"><a href=\"https:\/\/www.atrevia.com\/en\/people-area\/\">people area<\/a><\/li>\n<li class=\"page_item page-item-8494\"><a href=\"https:\/\/www.atrevia.com\/en\/we-research\/\">we research<\/a><\/li>\n<li class=\"page_item page-item-64973\"><a href=\"https:\/\/www.atrevia.com\/en\/blog\/\">Blog<\/a><\/li>\n<li class=\"page_item page-item-8498\"><a href=\"https:\/\/www.atrevia.com\/en\/experience\/\">Experience<\/a><\/li>\n<li class=\"page_item page-item-8499\"><a href=\"https:\/\/www.atrevia.com\/en\/work-with-us\/\">Work with us<\/a><\/li>\n<li class=\"page_item page-item-8638\"><a href=\"https:\/\/www.atrevia.com\/en\/contact\/\">Contact<\/a><\/li>\n<li class=\"page_item page-item-65289\"><a href=\"https:\/\/www.atrevia.com\/en\/knowledge\/\">Knowledge<\/a><\/li>\n<li class=\"page_item page-item-65174\"><a href=\"https:\/\/www.atrevia.com\/en\/projects\/\">Projects<\/a><\/li>\n<li class=\"page_item page-item-36199\"><a href=\"https:\/\/www.atrevia.com\/en\/cookie_policy\/\">Cookie Policy<\/a><\/li>\n<li class=\"page_item page-item-74174\"><a href=\"https:\/\/www.atrevia.com\/en\/cookie-policy\/\">Cookie Policy<\/a><\/li>\n<li class=\"page_item page-item-8644\"><a href=\"https:\/\/www.atrevia.com\/en\/legal-notice\/\">Legal Notice<\/a><\/li>\n<li class=\"page_item page-item-8650\"><a href=\"https:\/\/www.atrevia.com\/en\/newsletter-atrevia\/\">Newsletter<\/a><\/li>\n<li class=\"page_item page-item-8646\"><a href=\"https:\/\/www.atrevia.com\/en\/privacy-policies\/\">Privacy Policies<\/a><\/li>\n<li class=\"page_item page-item-8648\"><a href=\"https:\/\/www.atrevia.com\/en\/site-map\/\">Site Map<\/a><\/li>\n<\/ul>\n","protected":false},"excerpt":{"rendered":"","protected":false},"author":28,"featured_media":0,"parent":0,"menu_order":99,"comment_status":"closed","ping_status":"closed","template":"","meta":{"_acf_changed":false,"content-type":"","footnotes":""},"class_list":["post-8648","page","type-page","status-publish"],"acf":[],"yoast_head":"<!-- This site is optimized with the Yoast SEO plugin v24.8 - https:\/\/yoast.com\/wordpress\/plugins\/seo\/ -->\n<title>Site Map - ATREVIA<\/title>\n<meta name=\"robots\" content=\"index, follow, max-snippet:-1, max-image-preview:large, max-video-preview:-1\" \/>\n<link rel=\"canonical\" href=\"https:\/\/www.atrevia.com\/en\/site-map\/\" \/>\n<meta property=\"og:locale\" content=\"en_US\" \/>\n<meta property=\"og:type\" content=\"article\" \/>\n<meta property=\"og:title\" content=\"Site Map - ATREVIA\" \/>\n<meta property=\"og:url\" content=\"https:\/\/www.atrevia.com\/en\/site-map\/\" \/>\n<meta property=\"og:site_name\" content=\"ATREVIA\" \/>\n<meta property=\"article:publisher\" content=\"https:\/\/www.facebook.com\/AtreviaComunicacion\" \/>\n<meta property=\"article:modified_time\" content=\"2023-05-16T14:11:45+00:00\" \/>\n<meta name=\"twitter:card\" content=\"summary_large_image\" \/>\n<meta name=\"twitter:site\" content=\"@atrevia\" \/>\n<meta name=\"twitter:label1\" content=\"Est. reading time\" \/>\n\t<meta name=\"twitter:data1\" content=\"1 minute\" \/>\n<script type=\"application\/ld+json\" class=\"yoast-schema-graph\">{\"@context\":\"https:\/\/schema.org\",\"@graph\":[{\"@type\":\"WebPage\",\"@id\":\"https:\/\/www.atrevia.com\/en\/site-map\/\",\"url\":\"https:\/\/www.atrevia.com\/en\/site-map\/\",\"name\":\"Site Map - ATREVIA\",\"isPartOf\":{\"@id\":\"https:\/\/www.atrevia.com\/#website\"},\"datePublished\":\"2015-01-21T09:19:25+00:00\",\"dateModified\":\"2023-05-16T14:11:45+00:00\",\"breadcrumb\":{\"@id\":\"https:\/\/www.atrevia.com\/en\/site-map\/#breadcrumb\"},\"inLanguage\":\"en-US\",\"potentialAction\":[{\"@type\":\"ReadAction\",\"target\":[\"https:\/\/www.atrevia.com\/en\/site-map\/\"]}]},{\"@type\":\"BreadcrumbList\",\"@id\":\"https:\/\/www.atrevia.com\/en\/site-map\/#breadcrumb\",\"itemListElement\":[{\"@type\":\"ListItem\",\"position\":1,\"name\":\"Home\",\"item\":\"https:\/\/www.atrevia.com\/en\/\"},{\"@type\":\"ListItem\",\"position\":2,\"name\":\"Site Map\"}]},{\"@type\":\"WebSite\",\"@id\":\"https:\/\/www.atrevia.com\/#website\",\"url\":\"https:\/\/www.atrevia.com\/\",\"name\":\"ATREVIA\",\"description\":\"Somos una empresa Global de Comunicaci\u00f3n y Posicionamiento Estrat\u00e9gico, la mayor en Espa\u00f1a. Nuestras oficinas propias en 15 pa\u00edses y nuestra red de partners nos permiten ofrecer una cobertura global a nuestros clientes.\",\"potentialAction\":[{\"@type\":\"SearchAction\",\"target\":{\"@type\":\"EntryPoint\",\"urlTemplate\":\"https:\/\/www.atrevia.com\/?s={search_term_string}\"},\"query-input\":{\"@type\":\"PropertyValueSpecification\",\"valueRequired\":true,\"valueName\":\"search_term_string\"}}],\"inLanguage\":\"en-US\"}]}<\/script>\n<!-- \/ Yoast SEO plugin. -->","yoast_head_json":{"title":"Site Map - ATREVIA","robots":{"index":"index","follow":"follow","max-snippet":"max-snippet:-1","max-image-preview":"max-image-preview:large","max-video-preview":"max-video-preview:-1"},"canonical":"https:\/\/www.atrevia.com\/en\/site-map\/","og_locale":"en_US","og_type":"article","og_title":"Site Map - ATREVIA","og_url":"https:\/\/www.atrevia.com\/en\/site-map\/","og_site_name":"ATREVIA","article_publisher":"https:\/\/www.facebook.com\/AtreviaComunicacion","article_modified_time":"2023-05-16T14:11:45+00:00","twitter_card":"summary_large_image","twitter_site":"@atrevia","twitter_misc":{"Est. reading time":"1 minute"},"schema":{"@context":"https:\/\/schema.org","@graph":[{"@type":"WebPage","@id":"https:\/\/www.atrevia.com\/en\/site-map\/","url":"https:\/\/www.atrevia.com\/en\/site-map\/","name":"Site Map - ATREVIA","isPartOf":{"@id":"https:\/\/www.atrevia.com\/#website"},"datePublished":"2015-01-21T09:19:25+00:00","dateModified":"2023-05-16T14:11:45+00:00","breadcrumb":{"@id":"https:\/\/www.atrevia.com\/en\/site-map\/#breadcrumb"},"inLanguage":"en-US","potentialAction":[{"@type":"ReadAction","target":["https:\/\/www.atrevia.com\/en\/site-map\/"]}]},{"@type":"BreadcrumbList","@id":"https:\/\/www.atrevia.com\/en\/site-map\/#breadcrumb","itemListElement":[{"@type":"ListItem","position":1,"name":"Home","item":"https:\/\/www.atrevia.com\/en\/"},{"@type":"ListItem","position":2,"name":"Site Map"}]},{"@type":"WebSite","@id":"https:\/\/www.atrevia.com\/#website","url":"https:\/\/www.atrevia.com\/","name":"ATREVIA","description":"Somos una empresa Global de Comunicaci\u00f3n y Posicionamiento Estrat\u00e9gico, la mayor en Espa\u00f1a. Nuestras oficinas propias en 15 pa\u00edses y nuestra red de partners nos permiten ofrecer una cobertura global a nuestros clientes.","potentialAction":[{"@type":"SearchAction","target":{"@type":"EntryPoint","urlTemplate":"https:\/\/www.atrevia.com\/?s={search_term_string}"},"query-input":{"@type":"PropertyValueSpecification","valueRequired":true,"valueName":"search_term_string"}}],"inLanguage":"en-US"}]}},"_links":{"self":[{"href":"https:\/\/www.atrevia.com\/en\/wp-json\/wp\/v2\/pages\/8648","targetHints":{"allow":["GET"]}}],"collection":[{"href":"https:\/\/www.atrevia.com\/en\/wp-json\/wp\/v2\/pages"}],"about":[{"href":"https:\/\/www.atrevia.com\/en\/wp-json\/wp\/v2\/types\/page"}],"author":[{"embeddable":true,"href":"https:\/\/www.atrevia.com\/en\/wp-json\/wp\/v2\/users\/28"}],"replies":[{"embeddable":true,"href":"https:\/\/www.atrevia.com\/en\/wp-json\/wp\/v2\/comments?post=8648"}],"version-history":[{"count":0,"href":"https:\/\/www.atrevia.com\/en\/wp-json\/wp\/v2\/pages\/8648\/revisions"}],"wp:attachment":[{"href":"https:\/\/www.atrevia.com\/en\/wp-json\/wp\/v2\/media?parent=8648"}],"curies":[{"name":"wp","href":"https:\/\/api.w.org\/{rel}","templated":true}]}}