{"id":10962,"date":"2015-01-21T09:19:25","date_gmt":"2015-01-21T07:19:25","guid":{"rendered":"https:\/\/www.atrevia.com\/mapa-do-website-2\/"},"modified":"2025-02-10T12:02:48","modified_gmt":"2025-02-10T10:02:48","slug":"mapa-do-website","status":"publish","type":"page","link":"https:\/\/www.atrevia.com\/pt\/mapa-do-website\/","title":{"rendered":"Mapa do website"},"content":{"rendered":"\n<h3 class=\"wp-block-heading\">P\u00e1ginas<\/h3>\n<ul class=\"list-pages-shortcode list-pages\"><li class=\"page_item page-item-10980\"><a href=\"https:\/\/www.atrevia.com\/pt\/especialidades-transversais\/\">Especialidades transversais<\/a><\/li>\n<li class=\"page_item page-item-13574\"><a href=\"https:\/\/www.atrevia.com\/pt\/formulario-de-contato-enviados\/\">Formul\u00e1rio de contato enviados<\/a><\/li>\n<li class=\"page_item page-item-10976\"><a href=\"https:\/\/www.atrevia.com\/pt\/forum-bom-governo-e-acionistas\/\">F\u00f3rum Bom Governo e Acionistas<\/a><\/li>\n<li class=\"page_item page-item-10975\"><a href=\"https:\/\/www.atrevia.com\/pt\/forum-da-empresa-familiar\/\">F\u00f3rum da Empresa Familiar<\/a><\/li>\n<li class=\"page_item page-item-39540\"><a href=\"https:\/\/www.atrevia.com\/pt\/\">HOME<\/a><\/li>\n<li class=\"page_item page-item-15458\"><a href=\"https:\/\/www.atrevia.com\/pt\/marca-esferica\/\">Marca Esf\u00e9rica<\/a><\/li>\n<li class=\"page_item page-item-13252\"><a href=\"https:\/\/www.atrevia.com\/pt\/o-que-sabe-sobre-a-ue\/\">O que sabe sobre a UE?<\/a><\/li>\n<li class=\"page_item page-item-10977\"><a href=\"https:\/\/www.atrevia.com\/pt\/observatorio-de-comunicacao-interna\/\">Observat\u00f3rio de Comunica\u00e7\u00e3o Interna<\/a><\/li>\n<li class=\"page_item page-item-65308 page_item_has_children\"><a href=\"https:\/\/www.atrevia.com\/pt\/servicios\/\">Servi\u00e7os<\/a>\n<ul class='children'>\n\t<li class=\"page_item page-item-66070\"><a href=\"https:\/\/www.atrevia.com\/pt\/servicios\/relacoes-publicas-e-influenciadores-marketing\/\">Rela\u00e7\u00f5es P\u00fablicas e Marketing de Influ\u00eancia<\/a><\/li>\n\t<li class=\"page_item page-item-80129\"><a href=\"https:\/\/www.atrevia.com\/pt\/servicios\/agencia\/\">Ag\u00eancia<\/a><\/li>\n\t<li class=\"page_item page-item-80121\"><a href=\"https:\/\/www.atrevia.com\/pt\/servicios\/agencia-copiar\/\">Ag\u00eancia Copiar<\/a><\/li>\n\t<li class=\"page_item page-item-65350 page_item_has_children\"><a href=\"https:\/\/www.atrevia.com\/pt\/servicios\/agencia-old\/\">Ag\u00eancia Old<\/a>\n\t<ul class='children'>\n\t\t<li class=\"page_item page-item-67176\"><a href=\"https:\/\/www.atrevia.com\/pt\/servicios\/agencia-old\/comunicacao-e-marketing-digital\/\">Comunica\u00e7\u00e3o e Marketing Digital<\/a><\/li>\n\t\t<li class=\"page_item page-item-66074\"><a href=\"https:\/\/www.atrevia.com\/pt\/servicios\/agencia-old\/publicidade-e-ativacoes\/\">Publicidade, Branding e Ativa\u00e7\u00f5es<\/a><\/li>\n\t<\/ul>\n<\/li>\n\t<li class=\"page_item page-item-65352 page_item_has_children\"><a href=\"https:\/\/www.atrevia.com\/pt\/servicios\/consultoria\/\">Consultoria<\/a>\n\t<ul class='children'>\n\t\t<li class=\"page_item page-item-65934\"><a href=\"https:\/\/www.atrevia.com\/pt\/servicios\/consultoria\/comunicacao-financeira-e-relacoes-com-investidores\/\">Comunica\u00e7\u00e3o Financeira e Rela\u00e7\u00f5es com Investidores<\/a><\/li>\n\t\t<li class=\"page_item page-item-65922\"><a href=\"https:\/\/www.atrevia.com\/pt\/servicios\/consultoria\/comunicacao-interna-cultura-e-pessoas\/\">Comunica\u00e7\u00e3o Interna, Cultura e Employer Branding<\/a><\/li>\n\t\t<li class=\"page_item page-item-65914\"><a href=\"https:\/\/www.atrevia.com\/pt\/servicios\/consultoria\/formacao-de-porta-vozes-e-habilidades-de-comunicacao-para-lideres\/\">Forma\u00e7\u00e3o de Porta-vozes e Compet\u00eancias de Comunica\u00e7\u00e3o para L\u00edderes<\/a><\/li>\n\t\t<li class=\"page_item page-item-65912\"><a href=\"https:\/\/www.atrevia.com\/pt\/servicios\/consultoria\/investigacao-social-e-estudos-de-mercado\/\">Investiga\u00e7\u00e3o Social e Estudos de mercado<\/a><\/li>\n\t\t<li class=\"page_item page-item-65936\"><a href=\"https:\/\/www.atrevia.com\/pt\/servicios\/consultoria\/market-access-e-relacoes-corporativas\/\">Market Access e Rela\u00e7\u00f5es Corporativas<\/a><\/li>\n\t\t<li class=\"page_item page-item-65925\"><a href=\"https:\/\/www.atrevia.com\/pt\/servicios\/consultoria\/mobilizacao-social-e-gestao-de-comunidades\/\">Mobiliza\u00e7\u00e3o Social e Gest\u00e3o de Comunidades<\/a><\/li>\n\t\t<li class=\"page_item page-item-65782\"><a href=\"https:\/\/www.atrevia.com\/pt\/servicios\/consultoria\/prevencao-e-gestao-de-crise-questoes-e-litigios\/\">Preven\u00e7\u00e3o e Gest\u00e3o de Crises, Issues e Lit\u00edgios<\/a><\/li>\n\t\t<li class=\"page_item page-item-65786\"><a href=\"https:\/\/www.atrevia.com\/pt\/servicios\/consultoria\/proposito-reputacao-e-sustentabilidade\/\">Prop\u00f3sito, Reputa\u00e7\u00e3o,  Sustentabilidade e ESG<\/a><\/li>\n\t\t<li class=\"page_item page-item-65354\"><a href=\"https:\/\/www.atrevia.com\/pt\/servicios\/consultoria\/assuntos-publicos-e-relacoes-institucionais\/\">Public Affairs e Rela\u00e7\u00f5es Institucionais<\/a><\/li>\n\t\t<li class=\"page_item page-item-65904\"><a href=\"https:\/\/www.atrevia.com\/pt\/servicios\/consultoria\/relacao-com-stakeholders-e-licenca-social\/\">Rela\u00e7\u00e3o com Stakeholders e Licen\u00e7a Social<\/a><\/li>\n\t\t<li class=\"page_item page-item-65931\"><a href=\"https:\/\/www.atrevia.com\/pt\/servicios\/consultoria\/suportes-publicacoes-e-memorias-corporativas\/\">Relat\u00f3rios, Publica\u00e7\u00f5es e Suportes Corporativos<\/a><\/li>\n\t\t<li class=\"page_item page-item-65951\"><a href=\"https:\/\/www.atrevia.com\/pt\/servicios\/consultoria\/social-listening-inteligencia-digital-e-analise-de-dados\/\">Social Listening, Intelig\u00eancia Digital e Data Analytics<\/a><\/li>\n\t<\/ul>\n<\/li>\n<\/ul>\n<\/li>\n<li class=\"page_item page-item-11009\"><a href=\"https:\/\/www.atrevia.com\/pt\/a-nossa-empresa\/\">A nossa empresa<\/a><\/li>\n<li class=\"page_item page-item-10952\"><a href=\"https:\/\/www.atrevia.com\/pt\/atrevia-portugal\/\">ATREVIA Portugal<\/a><\/li>\n<li class=\"page_item page-item-11005\"><a href=\"https:\/\/www.atrevia.com\/pt\/o-que-fazemos\/\">o que fazemos<\/a><\/li>\n<li class=\"page_item page-item-11008\"><a href=\"https:\/\/www.atrevia.com\/pt\/os-nossos-principios-e-objetivos\/\">Os nossos princ\u00edpios e objetivos<\/a><\/li>\n<li class=\"page_item page-item-11007\"><a href=\"https:\/\/www.atrevia.com\/pt\/agora-somos\/\">Agora somos<\/a><\/li>\n<li class=\"page_item page-item-10981\"><a href=\"https:\/\/www.atrevia.com\/pt\/area-corporate\/\">\u00e1rea corporate<\/a><\/li>\n<li class=\"page_item page-item-10966\"><a href=\"https:\/\/www.atrevia.com\/pt\/atrevia\/\">Atrevia<\/a><\/li>\n<li class=\"page_item page-item-11004\"><a href=\"https:\/\/www.atrevia.com\/pt\/estamos\/\">Estamos<\/a><\/li>\n<li class=\"page_item page-item-65240\"><a href=\"https:\/\/www.atrevia.com\/pt\/talento\/\">Talento<\/a><\/li>\n<li class=\"page_item page-item-11006\"><a href=\"https:\/\/www.atrevia.com\/pt\/a-nossa-equipa\/\">A nossa equipa<\/a><\/li>\n<li class=\"page_item page-item-10982\"><a href=\"https:\/\/www.atrevia.com\/pt\/area-marcas\/\">\u00e1rea marcas<\/a><\/li>\n<li class=\"page_item page-item-65161\"><a href=\"https:\/\/www.atrevia.com\/pt\/nos\/\">N\u00f3s<\/a><\/li>\n<li class=\"page_item page-item-10979\"><a href=\"https:\/\/www.atrevia.com\/pt\/partilhamos\/\">partilhamos<\/a><\/li>\n<li class=\"page_item page-item-10954\"><a href=\"https:\/\/www.atrevia.com\/pt\/solicite-o-relatorio\/\">Solicite o relat\u00f3rio<\/a><\/li>\n<li class=\"page_item page-item-10983\"><a href=\"https:\/\/www.atrevia.com\/pt\/area-pessoas\/\">\u00e1rea pessoas<\/a><\/li>\n<li class=\"page_item page-item-10978\"><a href=\"https:\/\/www.atrevia.com\/pt\/investigamos\/\">Investigamos<\/a><\/li>\n<li class=\"page_item page-item-65269\"><a href=\"https:\/\/www.atrevia.com\/pt\/blog\/\">Blog<\/a><\/li>\n<li class=\"page_item page-item-10974\"><a href=\"https:\/\/www.atrevia.com\/pt\/experiencia\/\">experi\u00eancia<\/a><\/li>\n<li class=\"page_item page-item-10973\"><a href=\"https:\/\/www.atrevia.com\/pt\/venha-trabalhar-connosco\/\">Venha trabalhar connosco<\/a><\/li>\n<li class=\"page_item page-item-11010\"><a href=\"https:\/\/www.atrevia.com\/pt\/contacto\/\">Contacto<\/a><\/li>\n<li class=\"page_item page-item-65291\"><a href=\"https:\/\/www.atrevia.com\/pt\/conhecimento\/\">Conhecimento<\/a><\/li>\n<li class=\"page_item page-item-65167\"><a href=\"https:\/\/www.atrevia.com\/pt\/projetos\/\">Projetos<\/a><\/li>\n<li class=\"page_item page-item-10964\"><a href=\"https:\/\/www.atrevia.com\/pt\/aviso-legal\/\">Aviso Legal<\/a><\/li>\n<li class=\"page_item page-item-12210\"><a href=\"https:\/\/www.atrevia.com\/pt\/brand-shakers-e-se-agitassemos-a-sua-marca\/\">Brand Shakers | E se agit\u00e1ssemos a sua marca?<\/a><\/li>\n<li class=\"page_item page-item-11456\"><a href=\"https:\/\/www.atrevia.com\/pt\/campanha_manuel_de_crise\/\">Campanha Manuel de crise<\/a><\/li>\n<li class=\"page_item page-item-11470\"><a href=\"https:\/\/www.atrevia.com\/pt\/desconstruindo-o-mito\/\">Desconstruindo o mito<\/a><\/li>\n<li class=\"page_item page-item-15693\"><a href=\"https:\/\/www.atrevia.com\/pt\/desconstruindo-o-mito-brasil\/\">Desconstruindo o mito Brasil<\/a><\/li>\n<li class=\"page_item page-item-20164\"><a href=\"https:\/\/www.atrevia.com\/pt\/landing-ecom-brasil\/\">Ecom Brasil<\/a><\/li>\n<li class=\"page_item page-item-18033\"><a href=\"https:\/\/www.atrevia.com\/pt\/crisis-br\/\">Landing Crisis Brasil<\/a><\/li>\n<li class=\"page_item page-item-10956\"><a href=\"https:\/\/www.atrevia.com\/pt\/newsletter-atrevia\/\">Newsletter<\/a><\/li>\n<li class=\"page_item page-item-10963\"><a href=\"https:\/\/www.atrevia.com\/pt\/politicas-de-privacidade\/\">Pol\u00edticas de privacidade<\/a><\/li>\n<li class=\"page_item page-item-10951\"><a href=\"https:\/\/www.atrevia.com\/pt\/landing-pessoas\/\">Pessoas<\/a><\/li>\n<\/ul>\n","protected":false},"excerpt":{"rendered":"<p>P\u00e1ginas<\/p>\n","protected":false},"author":28,"featured_media":0,"parent":0,"menu_order":99,"comment_status":"closed","ping_status":"closed","template":"","meta":{"_acf_changed":false,"content-type":"","footnotes":""},"class_list":["post-10962","page","type-page","status-publish"],"acf":[],"yoast_head":"<!-- This site is optimized with the Yoast SEO plugin v24.8 - https:\/\/yoast.com\/wordpress\/plugins\/seo\/ -->\n<title>Mapa do website - ATREVIA<\/title>\n<meta name=\"robots\" content=\"index, follow, max-snippet:-1, max-image-preview:large, max-video-preview:-1\" \/>\n<link rel=\"canonical\" href=\"https:\/\/www.atrevia.com\/pt\/mapa-do-website\/\" \/>\n<meta property=\"og:locale\" content=\"pt_PT\" \/>\n<meta property=\"og:type\" content=\"article\" \/>\n<meta property=\"og:title\" content=\"Mapa do website - ATREVIA\" \/>\n<meta property=\"og:description\" content=\"P\u00e1ginas\" \/>\n<meta property=\"og:url\" content=\"https:\/\/www.atrevia.com\/pt\/mapa-do-website\/\" \/>\n<meta property=\"og:site_name\" content=\"ATREVIA\" \/>\n<meta property=\"article:publisher\" content=\"https:\/\/www.facebook.com\/AtreviaComunicacion\" \/>\n<meta property=\"article:modified_time\" content=\"2025-02-10T10:02:48+00:00\" \/>\n<meta name=\"twitter:card\" content=\"summary_large_image\" \/>\n<meta name=\"twitter:site\" content=\"@atrevia\" \/>\n<script type=\"application\/ld+json\" class=\"yoast-schema-graph\">{\"@context\":\"https:\/\/schema.org\",\"@graph\":[{\"@type\":\"WebPage\",\"@id\":\"https:\/\/www.atrevia.com\/pt\/mapa-do-website\/\",\"url\":\"https:\/\/www.atrevia.com\/pt\/mapa-do-website\/\",\"name\":\"Mapa do website - ATREVIA\",\"isPartOf\":{\"@id\":\"https:\/\/www.atrevia.com\/#website\"},\"datePublished\":\"2015-01-21T07:19:25+00:00\",\"dateModified\":\"2025-02-10T10:02:48+00:00\",\"breadcrumb\":{\"@id\":\"https:\/\/www.atrevia.com\/pt\/mapa-do-website\/#breadcrumb\"},\"inLanguage\":\"pt-PT\",\"potentialAction\":[{\"@type\":\"ReadAction\",\"target\":[\"https:\/\/www.atrevia.com\/pt\/mapa-do-website\/\"]}]},{\"@type\":\"BreadcrumbList\",\"@id\":\"https:\/\/www.atrevia.com\/pt\/mapa-do-website\/#breadcrumb\",\"itemListElement\":[{\"@type\":\"ListItem\",\"position\":1,\"name\":\"Home\",\"item\":\"https:\/\/www.atrevia.com\/pt\/\"},{\"@type\":\"ListItem\",\"position\":2,\"name\":\"Mapa do website\"}]},{\"@type\":\"WebSite\",\"@id\":\"https:\/\/www.atrevia.com\/#website\",\"url\":\"https:\/\/www.atrevia.com\/\",\"name\":\"ATREVIA\",\"description\":\"Somos una empresa Global de Comunicaci\u00f3n y Posicionamiento Estrat\u00e9gico, la mayor en Espa\u00f1a. Nuestras oficinas propias en 15 pa\u00edses y nuestra red de partners nos permiten ofrecer una cobertura global a nuestros clientes.\",\"potentialAction\":[{\"@type\":\"SearchAction\",\"target\":{\"@type\":\"EntryPoint\",\"urlTemplate\":\"https:\/\/www.atrevia.com\/?s={search_term_string}\"},\"query-input\":{\"@type\":\"PropertyValueSpecification\",\"valueRequired\":true,\"valueName\":\"search_term_string\"}}],\"inLanguage\":\"pt-PT\"}]}<\/script>\n<!-- \/ Yoast SEO plugin. -->","yoast_head_json":{"title":"Mapa do website - ATREVIA","robots":{"index":"index","follow":"follow","max-snippet":"max-snippet:-1","max-image-preview":"max-image-preview:large","max-video-preview":"max-video-preview:-1"},"canonical":"https:\/\/www.atrevia.com\/pt\/mapa-do-website\/","og_locale":"pt_PT","og_type":"article","og_title":"Mapa do website - ATREVIA","og_description":"P\u00e1ginas","og_url":"https:\/\/www.atrevia.com\/pt\/mapa-do-website\/","og_site_name":"ATREVIA","article_publisher":"https:\/\/www.facebook.com\/AtreviaComunicacion","article_modified_time":"2025-02-10T10:02:48+00:00","twitter_card":"summary_large_image","twitter_site":"@atrevia","schema":{"@context":"https:\/\/schema.org","@graph":[{"@type":"WebPage","@id":"https:\/\/www.atrevia.com\/pt\/mapa-do-website\/","url":"https:\/\/www.atrevia.com\/pt\/mapa-do-website\/","name":"Mapa do website - ATREVIA","isPartOf":{"@id":"https:\/\/www.atrevia.com\/#website"},"datePublished":"2015-01-21T07:19:25+00:00","dateModified":"2025-02-10T10:02:48+00:00","breadcrumb":{"@id":"https:\/\/www.atrevia.com\/pt\/mapa-do-website\/#breadcrumb"},"inLanguage":"pt-PT","potentialAction":[{"@type":"ReadAction","target":["https:\/\/www.atrevia.com\/pt\/mapa-do-website\/"]}]},{"@type":"BreadcrumbList","@id":"https:\/\/www.atrevia.com\/pt\/mapa-do-website\/#breadcrumb","itemListElement":[{"@type":"ListItem","position":1,"name":"Home","item":"https:\/\/www.atrevia.com\/pt\/"},{"@type":"ListItem","position":2,"name":"Mapa do website"}]},{"@type":"WebSite","@id":"https:\/\/www.atrevia.com\/#website","url":"https:\/\/www.atrevia.com\/","name":"ATREVIA","description":"Somos una empresa Global de Comunicaci\u00f3n y Posicionamiento Estrat\u00e9gico, la mayor en Espa\u00f1a. Nuestras oficinas propias en 15 pa\u00edses y nuestra red de partners nos permiten ofrecer una cobertura global a nuestros clientes.","potentialAction":[{"@type":"SearchAction","target":{"@type":"EntryPoint","urlTemplate":"https:\/\/www.atrevia.com\/?s={search_term_string}"},"query-input":{"@type":"PropertyValueSpecification","valueRequired":true,"valueName":"search_term_string"}}],"inLanguage":"pt-PT"}]}},"_links":{"self":[{"href":"https:\/\/www.atrevia.com\/pt\/wp-json\/wp\/v2\/pages\/10962","targetHints":{"allow":["GET"]}}],"collection":[{"href":"https:\/\/www.atrevia.com\/pt\/wp-json\/wp\/v2\/pages"}],"about":[{"href":"https:\/\/www.atrevia.com\/pt\/wp-json\/wp\/v2\/types\/page"}],"author":[{"embeddable":true,"href":"https:\/\/www.atrevia.com\/pt\/wp-json\/wp\/v2\/users\/28"}],"replies":[{"embeddable":true,"href":"https:\/\/www.atrevia.com\/pt\/wp-json\/wp\/v2\/comments?post=10962"}],"version-history":[{"count":0,"href":"https:\/\/www.atrevia.com\/pt\/wp-json\/wp\/v2\/pages\/10962\/revisions"}],"wp:attachment":[{"href":"https:\/\/www.atrevia.com\/pt\/wp-json\/wp\/v2\/media?parent=10962"}],"curies":[{"name":"wp","href":"https:\/\/api.w.org\/{rel}","templated":true}]}}