{"id":11009,"date":"2014-11-24T14:35:22","date_gmt":"2014-11-24T12:35:22","guid":{"rendered":"https:\/\/www.atrevia.com\/agora-somos-2\/a-nossa-empresa\/"},"modified":"2019-10-28T17:14:24","modified_gmt":"2019-10-28T15:14:24","slug":"a-nossa-empresa","status":"publish","type":"page","link":"https:\/\/www.atrevia.com\/pt\/a-nossa-empresa\/","title":{"rendered":"A nossa empresa"},"content":{"rendered":"<p>[section_dd][column_dd span=&#8217;12&#8217;][tabs_dd tabs_position=&#8217;top&#8217; style=&#8217;timeline&#8217; effect=&#8217;slide&#8217; selected=&#8217;9&#8242;][tab_dd title=&#8217;1988&#8242;]<\/p>\n<p style=\"text-align: center;\">Funda\u00e7\u00e3o da Inforpress, Gabinete de Prensa.<\/p>\n<p style=\"text-align: center;\"><img class=\"alignnone size-full wp-image-8797 aligncenter\" src=\"https:\/\/www.atrevia.com\/wp-content\/uploads\/2015\/02\/inforpress-antiguo.png\" alt=\"inforpress-antiguo\" width=\"285\" height=\"142\" \/><\/p>\n<p>[\/tab_dd]<\/p>\n<p>[tab_dd title=&#8217;1999&#8242;]<\/p>\n<p style=\"text-align: center;\">Abrimos a nossa primeira sede internacional: Lisboa.<\/p>\n<p style=\"text-align: center;\"><img class=\"aligncenter wp-image-8802 size-full\" src=\"https:\/\/www.atrevia.com\/wp-content\/uploads\/2015\/02\/lisboa.png\" alt=\"lisboa\" width=\"319\" height=\"338\" \/><\/p>\n<p>[\/tab_dd]<\/p>\n<p>[tab_dd title=&#8217;2000&#8242;]<\/p>\n<p style=\"text-align: center;\">A revolu\u00e7\u00e3o das pontocoms. Surge o nosso departamento de e-comunica\u00e7\u00e3o.<\/p>\n<p style=\"text-align: center;\"><img class=\"aligncenter size-full wp-image-8803\" src=\"https:\/\/www.atrevia.com\/wp-content\/uploads\/2015\/02\/ecomunicacion-blanco.png\" alt=\"ecomunicacion-blanco\" width=\"285\" height=\"50\" \/><\/p>\n<p>[\/tab_dd]<\/p>\n<p>[tab_dd title=&#8217;2003&#8242;]<\/p>\n<p style=\"text-align: center;\">Fund\u00e1mos com o Instituto de Empresa e a revista Capital Humano o I Observat\u00f3rio de Comunica\u00e7\u00e3o Interna.<\/p>\n<p style=\"text-align: center;\"><img class=\"aligncenter size-full wp-image-8799\" src=\"https:\/\/www.atrevia.com\/wp-content\/uploads\/2015\/02\/observatorio-blanco.png\" alt=\"observatorio-blanco\" width=\"285\" height=\"146\" \/><\/p>\n<p>[\/tab_dd]<\/p>\n<p>[tab_dd title=&#8217;2004&#8242;]<\/p>\n<p style=\"text-align: center;\">Entr\u00e1mos como s\u00f3cios no Pacto Global.<\/p>\n<p style=\"text-align: center;\"><img class=\"aligncenter size-full wp-image-8798\" src=\"https:\/\/www.atrevia.com\/wp-content\/uploads\/2015\/02\/the-global-compact.png\" alt=\"the-global-compact\" width=\"285\" height=\"146\" \/><\/p>\n<p>[\/tab_dd]<\/p>\n<p>[tab_dd title=&#8217;2005&#8242;]<\/p>\n<p style=\"text-align: center;\">Cri\u00e1mos com IESE o F\u00f3rum de Bom Governo e Acionistas.<\/p>\n<p style=\"text-align: center;\"><img class=\"aligncenter size-full wp-image-8760\" src=\"https:\/\/www.atrevia.com\/wp-content\/uploads\/2014\/12\/foro1.png\" alt=\"foro\" width=\"202\" height=\"227\" \/><\/p>\n<p>[\/tab_dd]<\/p>\n<p>[tab_dd title=&#8217;2009&#8242;]<\/p>\n<p style=\"text-align: center;\">Expandimo-nos para a Am\u00e9rica Latina come\u00e7ando pelo Brasil e pouco depois Col\u00f4mbia e Peru, acompanhando grandes empresas como a Coca-Cola, Mineros ou Pacific Rubiales.<\/p>\n<p style=\"text-align: center;\"><img class=\"aligncenter size-full wp-image-8800\" src=\"https:\/\/www.atrevia.com\/wp-content\/uploads\/2015\/02\/MAPA.png\" alt=\"MAPA\" width=\"531\" height=\"284\" \/><\/p>\n<p>[\/tab_dd]<\/p>\n<p>[tab_dd title=&#8217;2014&#8242;]<\/p>\n<p style=\"text-align: center;\">Fizemos 25 anos e n\u00e3o h\u00e1 melhor momento para reinventar-se\u2026<\/p>\n<p><iframe title=\"Algo de importante est\u00e1 a acontecer na Inforpress\" width=\"1170\" height=\"658\" data-cookieconsent=\"preferences, statistics, marketing\" data-src=\"https:\/\/www.youtube.com\/embed\/FGXZwuoxg5M?feature=oembed\" frameborder=\"0\" allow=\"accelerometer; autoplay; clipboard-write; encrypted-media; gyroscope; picture-in-picture; web-share\" allowfullscreen><\/iframe><div class=\"cookieconsent-optout-preferences cookieconsent-optout-statistics cookieconsent-optout-marketing\"><\/div><\/p>\n<p>&nbsp;<\/p>\n<p>[\/tab_dd]<\/p>\n<p>[tab_dd title=&#8217;2017&#8242;]<\/p>\n<p style=\"text-align: center;\">Com as aberturas deste ano na Argentina, na Rep\u00fablica Dominicana e no Paraguai, atingimos a presen\u00e7a em 15 pa\u00edses.<\/p>\n<p style=\"text-align: center;\"><img class=\"aligncenter size-full wp-image-8800\" src=\"https:\/\/www.atrevia.com\/wp-content\/uploads\/2015\/02\/MAPA.png\" alt=\"MAPA\" width=\"531\" height=\"284\" \/><\/p>\n<p>[\/tab_dd]<\/p>\n<p>[\/tab_dd][\/tabs_dd][\/column_dd][\/section_dd]<\/p>\n","protected":false},"excerpt":{"rendered":"<p>[section_dd][column_dd span=&#8217;12&#8217;][tabs_dd tabs_position=&#8217;top&#8217; style=&#8217;timeline&#8217; effect=&#8217;slide&#8217; selected=&#8217;9&#8242;][tab_dd title=&#8217;1988&#8242;] Funda\u00e7\u00e3o da Inforpress, Gabinete de Prensa. [\/tab_dd] [tab_dd title=&#8217;1999&#8242;] Abrimos a nossa primeira sede internacional: Lisboa. [\/tab_dd] [tab_dd title=&#8217;2000&#8242;] A revolu\u00e7\u00e3o das pontocoms. Surge o nosso departamento de e-comunica\u00e7\u00e3o. [\/tab_dd] [tab_dd title=&#8217;2003&#8242;] Fund\u00e1mos com o Instituto de Empresa e a revista Capital Humano o I Observat\u00f3rio de Comunica\u00e7\u00e3o Interna. [\/tab_dd] [tab_dd title=&#8217;2004&#8242;] Entr\u00e1mos como s\u00f3cios no Pacto Global. [\/tab_dd] [tab_dd title=&#8217;2005&#8242;] Cri\u00e1mos com IESE o F\u00f3rum de Bom Governo e Acionistas. [\/tab_dd] [tab_dd&#8230;<\/p>\n","protected":false},"author":28,"featured_media":8700,"parent":0,"menu_order":1,"comment_status":"closed","ping_status":"closed","template":"templates\/nuestra-empresa.php","meta":{"_acf_changed":false,"content-type":"","footnotes":""},"class_list":["post-11009","page","type-page","status-publish","has-post-thumbnail"],"acf":[],"yoast_head":"<!-- This site is optimized with the Yoast SEO plugin v24.8 - https:\/\/yoast.com\/wordpress\/plugins\/seo\/ -->\n<title>A nossa empresa - ATREVIA<\/title>\n<meta name=\"robots\" content=\"index, follow, max-snippet:-1, max-image-preview:large, max-video-preview:-1\" \/>\n<link rel=\"canonical\" href=\"https:\/\/www.atrevia.com\/pt\/a-nossa-empresa\/\" \/>\n<meta property=\"og:locale\" content=\"pt_PT\" \/>\n<meta property=\"og:type\" content=\"article\" \/>\n<meta property=\"og:title\" content=\"A nossa empresa - ATREVIA\" \/>\n<meta property=\"og:description\" content=\"[section_dd][column_dd span=&#8217;12&#8217;][tabs_dd tabs_position=&#8217;top&#8217; style=&#8217;timeline&#8217; effect=&#8217;slide&#8217; selected=&#8217;9&#8242;][tab_dd title=&#8217;1988&#8242;] Funda\u00e7\u00e3o da Inforpress, Gabinete de Prensa. [\/tab_dd] [tab_dd title=&#8217;1999&#8242;] Abrimos a nossa primeira sede internacional: Lisboa. [\/tab_dd] [tab_dd title=&#8217;2000&#8242;] A revolu\u00e7\u00e3o das pontocoms. Surge o nosso departamento de e-comunica\u00e7\u00e3o. [\/tab_dd] [tab_dd title=&#8217;2003&#8242;] Fund\u00e1mos com o Instituto de Empresa e a revista Capital Humano o I Observat\u00f3rio de Comunica\u00e7\u00e3o Interna. [\/tab_dd] [tab_dd title=&#8217;2004&#8242;] Entr\u00e1mos como s\u00f3cios no Pacto Global. [\/tab_dd] [tab_dd title=&#8217;2005&#8242;] Cri\u00e1mos com IESE o F\u00f3rum de Bom Governo e Acionistas. [\/tab_dd] [tab_dd...\" \/>\n<meta property=\"og:url\" content=\"https:\/\/www.atrevia.com\/pt\/a-nossa-empresa\/\" \/>\n<meta property=\"og:site_name\" content=\"ATREVIA\" \/>\n<meta property=\"article:publisher\" content=\"https:\/\/www.facebook.com\/AtreviaComunicacion\" \/>\n<meta property=\"article:modified_time\" content=\"2019-10-28T15:14:24+00:00\" \/>\n<meta property=\"og:image\" content=\"https:\/\/www.atrevia.com\/wp-content\/uploads\/2014\/11\/foto.png\" \/>\n\t<meta property=\"og:image:width\" content=\"1908\" \/>\n\t<meta property=\"og:image:height\" content=\"1418\" \/>\n\t<meta property=\"og:image:type\" content=\"image\/png\" \/>\n<meta name=\"twitter:card\" content=\"summary_large_image\" \/>\n<meta name=\"twitter:site\" content=\"@atrevia\" \/>\n<meta name=\"twitter:label1\" content=\"Tempo estimado de leitura\" \/>\n\t<meta name=\"twitter:data1\" content=\"1 minuto\" \/>\n<script type=\"application\/ld+json\" class=\"yoast-schema-graph\">{\"@context\":\"https:\/\/schema.org\",\"@graph\":[{\"@type\":\"WebPage\",\"@id\":\"https:\/\/www.atrevia.com\/pt\/a-nossa-empresa\/\",\"url\":\"https:\/\/www.atrevia.com\/pt\/a-nossa-empresa\/\",\"name\":\"A nossa empresa - ATREVIA\",\"isPartOf\":{\"@id\":\"https:\/\/www.atrevia.com\/#website\"},\"primaryImageOfPage\":{\"@id\":\"https:\/\/www.atrevia.com\/pt\/a-nossa-empresa\/#primaryimage\"},\"image\":{\"@id\":\"https:\/\/www.atrevia.com\/pt\/a-nossa-empresa\/#primaryimage\"},\"thumbnailUrl\":\"https:\/\/www.atrevia.com\/wp-content\/uploads\/2014\/11\/foto.png\",\"datePublished\":\"2014-11-24T12:35:22+00:00\",\"dateModified\":\"2019-10-28T15:14:24+00:00\",\"breadcrumb\":{\"@id\":\"https:\/\/www.atrevia.com\/pt\/a-nossa-empresa\/#breadcrumb\"},\"inLanguage\":\"pt-PT\",\"potentialAction\":[{\"@type\":\"ReadAction\",\"target\":[\"https:\/\/www.atrevia.com\/pt\/a-nossa-empresa\/\"]}]},{\"@type\":\"ImageObject\",\"inLanguage\":\"pt-PT\",\"@id\":\"https:\/\/www.atrevia.com\/pt\/a-nossa-empresa\/#primaryimage\",\"url\":\"https:\/\/www.atrevia.com\/wp-content\/uploads\/2014\/11\/foto.png\",\"contentUrl\":\"https:\/\/www.atrevia.com\/wp-content\/uploads\/2014\/11\/foto.png\",\"width\":1908,\"height\":1418},{\"@type\":\"BreadcrumbList\",\"@id\":\"https:\/\/www.atrevia.com\/pt\/a-nossa-empresa\/#breadcrumb\",\"itemListElement\":[{\"@type\":\"ListItem\",\"position\":1,\"name\":\"Home\",\"item\":\"https:\/\/www.atrevia.com\/pt\/\"},{\"@type\":\"ListItem\",\"position\":2,\"name\":\"A nossa empresa\"}]},{\"@type\":\"WebSite\",\"@id\":\"https:\/\/www.atrevia.com\/#website\",\"url\":\"https:\/\/www.atrevia.com\/\",\"name\":\"ATREVIA\",\"description\":\"Somos una empresa Global de Comunicaci\u00f3n y Posicionamiento Estrat\u00e9gico, la mayor en Espa\u00f1a. Nuestras oficinas propias en 15 pa\u00edses y nuestra red de partners nos permiten ofrecer una cobertura global a nuestros clientes.\",\"potentialAction\":[{\"@type\":\"SearchAction\",\"target\":{\"@type\":\"EntryPoint\",\"urlTemplate\":\"https:\/\/www.atrevia.com\/?s={search_term_string}\"},\"query-input\":{\"@type\":\"PropertyValueSpecification\",\"valueRequired\":true,\"valueName\":\"search_term_string\"}}],\"inLanguage\":\"pt-PT\"}]}<\/script>\n<!-- \/ Yoast SEO plugin. -->","yoast_head_json":{"title":"A nossa empresa - ATREVIA","robots":{"index":"index","follow":"follow","max-snippet":"max-snippet:-1","max-image-preview":"max-image-preview:large","max-video-preview":"max-video-preview:-1"},"canonical":"https:\/\/www.atrevia.com\/pt\/a-nossa-empresa\/","og_locale":"pt_PT","og_type":"article","og_title":"A nossa empresa - ATREVIA","og_description":"[section_dd][column_dd span=&#8217;12&#8217;][tabs_dd tabs_position=&#8217;top&#8217; style=&#8217;timeline&#8217; effect=&#8217;slide&#8217; selected=&#8217;9&#8242;][tab_dd title=&#8217;1988&#8242;] Funda\u00e7\u00e3o da Inforpress, Gabinete de Prensa. [\/tab_dd] [tab_dd title=&#8217;1999&#8242;] Abrimos a nossa primeira sede internacional: Lisboa. [\/tab_dd] [tab_dd title=&#8217;2000&#8242;] A revolu\u00e7\u00e3o das pontocoms. Surge o nosso departamento de e-comunica\u00e7\u00e3o. [\/tab_dd] [tab_dd title=&#8217;2003&#8242;] Fund\u00e1mos com o Instituto de Empresa e a revista Capital Humano o I Observat\u00f3rio de Comunica\u00e7\u00e3o Interna. [\/tab_dd] [tab_dd title=&#8217;2004&#8242;] Entr\u00e1mos como s\u00f3cios no Pacto Global. [\/tab_dd] [tab_dd title=&#8217;2005&#8242;] Cri\u00e1mos com IESE o F\u00f3rum de Bom Governo e Acionistas. [\/tab_dd] [tab_dd...","og_url":"https:\/\/www.atrevia.com\/pt\/a-nossa-empresa\/","og_site_name":"ATREVIA","article_publisher":"https:\/\/www.facebook.com\/AtreviaComunicacion","article_modified_time":"2019-10-28T15:14:24+00:00","og_image":[{"width":1908,"height":1418,"url":"https:\/\/www.atrevia.com\/wp-content\/uploads\/2014\/11\/foto.png","type":"image\/png"}],"twitter_card":"summary_large_image","twitter_site":"@atrevia","twitter_misc":{"Tempo estimado de leitura":"1 minuto"},"schema":{"@context":"https:\/\/schema.org","@graph":[{"@type":"WebPage","@id":"https:\/\/www.atrevia.com\/pt\/a-nossa-empresa\/","url":"https:\/\/www.atrevia.com\/pt\/a-nossa-empresa\/","name":"A nossa empresa - ATREVIA","isPartOf":{"@id":"https:\/\/www.atrevia.com\/#website"},"primaryImageOfPage":{"@id":"https:\/\/www.atrevia.com\/pt\/a-nossa-empresa\/#primaryimage"},"image":{"@id":"https:\/\/www.atrevia.com\/pt\/a-nossa-empresa\/#primaryimage"},"thumbnailUrl":"https:\/\/www.atrevia.com\/wp-content\/uploads\/2014\/11\/foto.png","datePublished":"2014-11-24T12:35:22+00:00","dateModified":"2019-10-28T15:14:24+00:00","breadcrumb":{"@id":"https:\/\/www.atrevia.com\/pt\/a-nossa-empresa\/#breadcrumb"},"inLanguage":"pt-PT","potentialAction":[{"@type":"ReadAction","target":["https:\/\/www.atrevia.com\/pt\/a-nossa-empresa\/"]}]},{"@type":"ImageObject","inLanguage":"pt-PT","@id":"https:\/\/www.atrevia.com\/pt\/a-nossa-empresa\/#primaryimage","url":"https:\/\/www.atrevia.com\/wp-content\/uploads\/2014\/11\/foto.png","contentUrl":"https:\/\/www.atrevia.com\/wp-content\/uploads\/2014\/11\/foto.png","width":1908,"height":1418},{"@type":"BreadcrumbList","@id":"https:\/\/www.atrevia.com\/pt\/a-nossa-empresa\/#breadcrumb","itemListElement":[{"@type":"ListItem","position":1,"name":"Home","item":"https:\/\/www.atrevia.com\/pt\/"},{"@type":"ListItem","position":2,"name":"A nossa empresa"}]},{"@type":"WebSite","@id":"https:\/\/www.atrevia.com\/#website","url":"https:\/\/www.atrevia.com\/","name":"ATREVIA","description":"Somos una empresa Global de Comunicaci\u00f3n y Posicionamiento Estrat\u00e9gico, la mayor en Espa\u00f1a. Nuestras oficinas propias en 15 pa\u00edses y nuestra red de partners nos permiten ofrecer una cobertura global a nuestros clientes.","potentialAction":[{"@type":"SearchAction","target":{"@type":"EntryPoint","urlTemplate":"https:\/\/www.atrevia.com\/?s={search_term_string}"},"query-input":{"@type":"PropertyValueSpecification","valueRequired":true,"valueName":"search_term_string"}}],"inLanguage":"pt-PT"}]}},"_links":{"self":[{"href":"https:\/\/www.atrevia.com\/pt\/wp-json\/wp\/v2\/pages\/11009","targetHints":{"allow":["GET"]}}],"collection":[{"href":"https:\/\/www.atrevia.com\/pt\/wp-json\/wp\/v2\/pages"}],"about":[{"href":"https:\/\/www.atrevia.com\/pt\/wp-json\/wp\/v2\/types\/page"}],"author":[{"embeddable":true,"href":"https:\/\/www.atrevia.com\/pt\/wp-json\/wp\/v2\/users\/28"}],"replies":[{"embeddable":true,"href":"https:\/\/www.atrevia.com\/pt\/wp-json\/wp\/v2\/comments?post=11009"}],"version-history":[{"count":0,"href":"https:\/\/www.atrevia.com\/pt\/wp-json\/wp\/v2\/pages\/11009\/revisions"}],"wp:featuredmedia":[{"embeddable":true,"href":"https:\/\/www.atrevia.com\/pt\/wp-json\/wp\/v2\/media\/8700"}],"wp:attachment":[{"href":"https:\/\/www.atrevia.com\/pt\/wp-json\/wp\/v2\/media?parent=11009"}],"curies":[{"name":"wp","href":"https:\/\/api.w.org\/{rel}","templated":true}]}}